{"id":53,"date":"2024-03-13T18:01:29","date_gmt":"2024-03-13T18:01:29","guid":{"rendered":"https:\/\/demo.webdigify.com\/WCM03\/WCM079_freshmart\/?page_id=53"},"modified":"2024-03-13T13:30:42","modified_gmt":"2024-03-13T18:30:42","slug":"politicas-devolucion","status":"publish","type":"page","link":"https:\/\/gunavibes.com\/en\/politicas-devolucion\/","title":{"rendered":"Return Policy"},"content":{"rendered":"<div data-elementor-type=\"wp-page\" data-elementor-id=\"53\" class=\"elementor elementor-53\">\n\t\t\t\t<div class=\"elementor-element elementor-element-1235b578 e-con-full e-flex e-con e-parent\" data-id=\"1235b578\" data-element_type=\"container\">\n\t\t\t\t<div class=\"elementor-element elementor-element-670b85d elementor-widget elementor-widget-heading\" data-id=\"670b85d\" data-element_type=\"widget\" data-widget_type=\"heading.default\">\n\t\t\t\t<div class=\"elementor-widget-container\">\n\t\t\t\t\t<h2 class=\"elementor-heading-title elementor-size-default\">Return Policy<\/h2>\t\t\t\t<\/div>\n\t\t\t\t<\/div>\n\t\t\t\t<div class=\"elementor-element elementor-element-5d33ffe9 elementor-widget elementor-widget-text-editor\" data-id=\"5d33ffe9\" data-element_type=\"widget\" data-widget_type=\"text-editor.default\">\n\t\t\t\t<div class=\"elementor-widget-container\">\n\t\t\t\t\t\t\t\t\t\n<p>Before making a reservation, it is important that the client reviews and accepts our cancellation policies detailed below:<\/p>\n\n\n\n<h3 style=\"color:#023B4C;\">Three (3) Days Notice of Cancellation<\/h3>\n\n\n\n<p>A 65% refund of the price paid will be made for cancellations made from the date of the reservation up to three days prior to the scheduled activity.<\/p>\n\n\n\n<h3 style=\"color:#023B4C;\">Cancellations with Less than 72 Hours Notice<\/h3>\n\n\n\n<p>No refund will be made if the cancellation is made less than 72 hours prior to the reserved day.<\/p>\n\n\n\n<h3 style=\"color:#023B4C;\">Cancellation Process<\/h3>\n\n\n\n<p>Cancellations must be requested only by e-mail to the following address: <a href=\"mailto:info@gunavibes.com\">info@gunavibes.com<\/a><\/p>\n\n\n\n<h3 style=\"color:#023B4C;\">Pol\u00edticas de Reembolso<\/h3>\n\n\n\n<p>No refunds will be issued in the following situations: <a href=\"mailto:info@gunavibes.com\">info@gunavibes.com<\/a><\/p>\n\n\n<div style=\"padding-left: 50px;\">\n\n<h4 style=\"color:#023B4C;\">Climatic Conditions<\/h4> \n\n\n<p>No refunds will be made due to weather conditions that are not to the customer's liking.<\/p>\n\n\n\n<h4 style=\"color:#023B4C;\">Early Departure from the Island<\/h4> \n\n\n<p>No refund will be made if clients decide to leave the island before the agreed time and date. Although our staff may attempt to facilitate early departure, payment will not be refunded.<\/p>\n\n\n\n<h4 style=\"color:#023B4C;\">Planned Activities Not Participated<\/h4> \n\n\n<p>No refunds will be made if clients choose not to participate in previously paid activities.<\/p>\n\n\n\n<h4 style=\"color:#023B4C;\">Absence at Place and Time Agreed Upon \n\n\n<p>No refund will be made if clients are not present at the agreed place and time, and miss the departure according to the itinerary.<\/p>\n\n\n\n<h4 style=\"color:#023B4C;\">Local Wildlife Dissatisfaction \n\n\n<p>No refund will be made if the client feels dissatisfaction due to the sighting or presence of animals in our local nature.<\/p>\n\n<\/div>\n\t\t\t\t\t\t\t\t<\/div>\n\t\t\t\t<\/div>\n\t\t\t\t<\/div>\n\t\t\t\t<\/div>","protected":false},"excerpt":{"rendered":"<p>Pol\u00edticas de Devoluci\u00f3n Antes de realizar una reserva, es importante que el cliente revise y acepte nuestras pol\u00edticas de cancelaci\u00f3n detalladas a continuaci\u00f3n: Cancelaciones con Tres (3) D\u00edas de Anticipaci\u00f3n Se realizar\u00e1 un reembolso del 65% del precio pagado para cancelaciones realizadas desde la fecha de la reserva hasta tres d\u00edas antes de la actividad&#8230;<\/p>","protected":false},"author":325,"featured_media":0,"parent":0,"menu_order":0,"comment_status":"closed","ping_status":"closed","template":"elementor_header_footer","meta":{"_bst_post_transparent":"","_bst_post_title":"","_bst_post_layout":"","_bst_post_sidebar_id":"","_bst_post_content_style":"","_bst_post_vertical_padding":"","_bst_post_feature":"","_bst_post_feature_position":"","_bst_post_header":false,"_bst_post_footer":false,"footnotes":""},"class_list":["post-53","page","type-page","status-publish","hentry"],"_links":{"self":[{"href":"https:\/\/gunavibes.com\/en\/wp-json\/wp\/v2\/pages\/53","targetHints":{"allow":["GET"]}}],"collection":[{"href":"https:\/\/gunavibes.com\/en\/wp-json\/wp\/v2\/pages"}],"about":[{"href":"https:\/\/gunavibes.com\/en\/wp-json\/wp\/v2\/types\/page"}],"author":[{"embeddable":true,"href":"https:\/\/gunavibes.com\/en\/wp-json\/wp\/v2\/users\/325"}],"replies":[{"embeddable":true,"href":"https:\/\/gunavibes.com\/en\/wp-json\/wp\/v2\/comments?post=53"}],"version-history":[{"count":21,"href":"https:\/\/gunavibes.com\/en\/wp-json\/wp\/v2\/pages\/53\/revisions"}],"predecessor-version":[{"id":735,"href":"https:\/\/gunavibes.com\/en\/wp-json\/wp\/v2\/pages\/53\/revisions\/735"}],"wp:attachment":[{"href":"https:\/\/gunavibes.com\/en\/wp-json\/wp\/v2\/media?parent=53"}],"curies":[{"name":"wp","href":"https:\/\/api.w.org\/{rel}","templated":true}]}}