{"id":775,"date":"2024-03-15T18:57:42","date_gmt":"2024-03-15T23:57:42","guid":{"rendered":"https:\/\/gunavibes.com\/?page_id=775"},"modified":"2024-03-20T09:04:10","modified_gmt":"2024-03-20T14:04:10","slug":"que-debo-de-llevar","status":"publish","type":"page","link":"https:\/\/gunavibes.com\/en\/que-debo-de-llevar\/","title":{"rendered":"What should I bring?"},"content":{"rendered":"<div data-elementor-type=\"wp-page\" data-elementor-id=\"775\" class=\"elementor elementor-775\">\n\t\t\t\t\t\t<section class=\"elementor-section elementor-top-section elementor-element elementor-element-1725731 elementor-section-stretched elementor-section-full_width elementor-section-height-default elementor-section-height-default\" data-id=\"1725731\" data-element_type=\"section\" data-settings=\"{&quot;stretch_section&quot;:&quot;section-stretched&quot;,&quot;background_background&quot;:&quot;classic&quot;,&quot;shape_divider_bottom&quot;:&quot;mountains&quot;}\">\n\t\t\t\t\t<div class=\"elementor-shape elementor-shape-bottom\" aria-hidden=\"true\" data-negative=\"false\">\n\t\t\t<svg xmlns=\"http:\/\/www.w3.org\/2000\/svg\" viewbox=\"0 0 1000 100\" preserveaspectratio=\"none\">\n\t<path class=\"elementor-shape-fill\" opacity=\"0.33\" d=\"M473,67.3c-203.9,88.3-263.1-34-320.3,0C66,119.1,0,59.7,0,59.7V0h1000v59.7 c0,0-62.1,26.1-94.9,29.3c-32.8,3.3-62.8-12.3-75.8-22.1C806,49.6,745.3,8.7,694.9,4.7S492.4,59,473,67.3z\"\/>\n\t<path class=\"elementor-shape-fill\" opacity=\"0.66\" d=\"M734,67.3c-45.5,0-77.2-23.2-129.1-39.1c-28.6-8.7-150.3-10.1-254,39.1 s-91.7-34.4-149.2,0C115.7,118.3,0,39.8,0,39.8V0h1000v36.5c0,0-28.2-18.5-92.1-18.5C810.2,18.1,775.7,67.3,734,67.3z\"\/>\n\t<path class=\"elementor-shape-fill\" d=\"M766.1,28.9c-200-57.5-266,65.5-395.1,19.5C242,1.8,242,5.4,184.8,20.6C128,35.8,132.3,44.9,89.9,52.5C28.6,63.7,0,0,0,0 h1000c0,0-9.9,40.9-83.6,48.1S829.6,47,766.1,28.9z\"\/>\n<\/svg>\t\t<\/div>\n\t\t\t\t\t<div class=\"elementor-container elementor-column-gap-no\">\n\t\t\t\t\t<div class=\"elementor-column elementor-col-50 elementor-top-column elementor-element elementor-element-93451b1\" data-id=\"93451b1\" data-element_type=\"column\" data-settings=\"{&quot;background_background&quot;:&quot;classic&quot;}\">\n\t\t\t<div class=\"elementor-widget-wrap elementor-element-populated\">\n\t\t\t\t\t<div class=\"elementor-background-overlay\"><\/div>\n\t\t\t\t\t\t<div class=\"elementor-element elementor-element-d0f7d8c elementor-widget elementor-widget-heading\" data-id=\"d0f7d8c\" data-element_type=\"widget\" data-widget_type=\"heading.default\">\n\t\t\t\t<div class=\"elementor-widget-container\">\n\t\t\t\t\t<h1 class=\"elementor-heading-title elementor-size-default\">What should I bring?<\/h1>\t\t\t\t<\/div>\n\t\t\t\t<\/div>\n\t\t\t\t<div class=\"elementor-element elementor-element-60d4b41 elementor-widget elementor-widget-text-editor\" data-id=\"60d4b41\" data-element_type=\"widget\" data-widget_type=\"text-editor.default\">\n\t\t\t\t<div class=\"elementor-widget-container\">\n\t\t\t\t\t\t\t\t\t<h3 style=\"color: #023b4c;\">Identification Documents<\/h3>\nIt is mandatory that both adults and children have a personal identification document with photo. For Panamanians, a Panamanian identity card or juvenile identity card is accepted; for foreigners, a passport is required.\n<h3 style=\"color: #023b4c;\">Clothing and Footwear<\/h3>\nIt is suggested to wear comfortable clothes and shoes with good grip, as well as sunglasses to protect your eyes during the boat trip.\n<h3 style=\"color: #023b4c;\">Cash<\/h3>\nIt is advisable to carry cash, since the island has no ATMs or points of sale.\n<h3 style=\"color: #023b4c;\">Allowable Items<\/h3>\nYou may carry coolers, food, beverages and liquors, which must be in bags for your comfort and that of other passengers.\n<h3 style=\"color: #023b4c;\">Breakfast Stop<\/h3>\nWe stop at the Food Mart at the Texaco gas station in Llano Cart\u00ed for breakfast. Take the opportunity to buy ice, juices, sodas, beers, snacks, as we have approximately 30 minutes at this place.\n<h3 style=\"color: #023b4c;\">Snorkel Equipment<\/h3>\nIf you wish, you can bring your own snorkeling equipment.\n<h3 style=\"color: #023b4c;\">Trip Duration<\/h3>\nThe trip from Panama City to the port parking lots and vice versa can take approximately 2.5 to 3 hours, covering a distance of approximately 117 kilometers.\n<h3 style=\"color: #023b4c;\">Restrictions<\/h3>\n<ol>\n<li>Pets are not allowed.<\/li>\n<li>Smoking is prohibited on the islands.<\/li>\n<\/ol>\t\t\t\t\t\t\t\t<\/div>\n\t\t\t\t<\/div>\n\t\t\t\t\t<\/div>\n\t\t<\/div>\n\t\t\t\t<div class=\"elementor-column elementor-col-50 elementor-top-column elementor-element elementor-element-d97ce68\" data-id=\"d97ce68\" data-element_type=\"column\">\n\t\t\t<div class=\"elementor-widget-wrap\">\n\t\t\t\t\t\t\t<\/div>\n\t\t<\/div>\n\t\t\t\t\t<\/div>\n\t\t<\/section>\n\t\t\t\t<\/div>","protected":false},"excerpt":{"rendered":"<p>\u00bfQu\u00e9 debo de llevar? Documentos de Identificaci\u00f3n Es obligatorio que tanto adultos como ni\u00f1os cuenten con su documento de identifi caci\u00f3n personal con foto. Para paname\u00f1os, se acepta la c\u00e9dula o c\u00e9dula juvenil; para extranjeros, se requiere el pasaporte. Vestimenta y Calzado Se sugiere llevar ropa y zapatos c\u00f3modos con buen agarre, as\u00ed como lentes&#8230;<\/p>","protected":false},"author":325,"featured_media":0,"parent":0,"menu_order":0,"comment_status":"closed","ping_status":"closed","template":"elementor_header_footer","meta":{"_bst_post_transparent":"","_bst_post_title":"default","_bst_post_layout":"default","_bst_post_sidebar_id":"","_bst_post_content_style":"unboxed","_bst_post_vertical_padding":"default","_bst_post_feature":"hide","_bst_post_feature_position":"","_bst_post_header":false,"_bst_post_footer":false,"footnotes":""},"class_list":["post-775","page","type-page","status-publish","hentry"],"_links":{"self":[{"href":"https:\/\/gunavibes.com\/en\/wp-json\/wp\/v2\/pages\/775","targetHints":{"allow":["GET"]}}],"collection":[{"href":"https:\/\/gunavibes.com\/en\/wp-json\/wp\/v2\/pages"}],"about":[{"href":"https:\/\/gunavibes.com\/en\/wp-json\/wp\/v2\/types\/page"}],"author":[{"embeddable":true,"href":"https:\/\/gunavibes.com\/en\/wp-json\/wp\/v2\/users\/325"}],"replies":[{"embeddable":true,"href":"https:\/\/gunavibes.com\/en\/wp-json\/wp\/v2\/comments?post=775"}],"version-history":[{"count":10,"href":"https:\/\/gunavibes.com\/en\/wp-json\/wp\/v2\/pages\/775\/revisions"}],"predecessor-version":[{"id":822,"href":"https:\/\/gunavibes.com\/en\/wp-json\/wp\/v2\/pages\/775\/revisions\/822"}],"wp:attachment":[{"href":"https:\/\/gunavibes.com\/en\/wp-json\/wp\/v2\/media?parent=775"}],"curies":[{"name":"wp","href":"https:\/\/api.w.org\/{rel}","templated":true}]}}